{"id":1062,"date":"2024-02-25T08:49:31","date_gmt":"2024-02-25T08:49:31","guid":{"rendered":"https:\/\/frisk.themegenix.com\/?page_id=1062"},"modified":"2025-09-25T06:22:34","modified_gmt":"2025-09-25T03:22:34","slug":"home-five","status":"publish","type":"page","link":"https:\/\/theagency.com.ro\/ro\/","title":{"rendered":"Acas\u0103"},"content":{"rendered":"<div data-elementor-type=\"wp-page\" data-elementor-id=\"1062\" class=\"elementor elementor-1062\">\n\t\t\t\t<div class=\"elementor-element elementor-element-4f834d6 e-con-full e-flex e-con e-parent\" data-id=\"4f834d6\" data-element_type=\"container\" data-e-type=\"container\">\n\t\t\t\t<div class=\"elementor-element elementor-element-922a803 elementor-widget elementor-widget-hero-slider\" data-id=\"922a803\" data-element_type=\"widget\" data-e-type=\"widget\" data-widget_type=\"hero-slider.default\">\n\t\t\t\t<div class=\"elementor-widget-container\">\n\t\t\t\t\t\r\n        \r\n        <div class=\"hero-wrapper hero-5\" id=\"hero\">\r\n            <div class=\"global-carousel\" id=\"heroSlider5\" data-autoplay=\"true\" data-autoplay-speed=\"8000\" data-fade=\"true\" data-slide-show=\"1\" data-lg-slide-show=\"1\" data-md-slide-show=\"1\" data-sm-slide-show=\"1\" data-xs-slide-show=\"1\" data-arrows=\"false\">\r\n                                    <div class=\"hero-slider background-image\" style=\"background-image: url(https:\/\/theagency.com.ro\/wp-content\/uploads\/2024\/05\/Default_piano_0.jpg);\">\r\n                        <div class=\"hero-overlay\" data-overlay=\"title\" data-opacity=\"5\"><\/div>\r\n                        <div class=\"container\">\r\n                            <div class=\"row\">\r\n                                <div class=\"col-lg-7\">\r\n                                    <div class=\"hero-style5\">\r\n                                                                                    <h1 class=\"hero-title title\" data-ani=\"slideindown\" data-ani-delay=\"0.1s\">Inspired Ideas<\/h1>\r\n                                                                                                                            <p class=\"hero-text\" data-ani=\"slideindown\" data-ani-delay=\"0.2s\">The Agency este o companie de PR specializat\u0103 \u00een strategii de comunicare, management de evenimente, CSR (responsabilitate social\u0103 corporativ\u0103), branding \u0219i marketing pentru produse culturale, arti\u0219ti \u0219i proiectele lor.<\/p>\r\n                                        \r\n                                                                                    <div class=\"hero-year-tag\" data-ani=\"slideindown\" data-ani-delay=\"0.3s\">\r\n                                                                                                <h6><\/h6>\r\n                                            <\/div>\r\n                                                                            <\/div>\r\n                                <\/div>\r\n                                                                    <div class=\"col-lg-5 align-self-end text-lg-end\">\r\n                                        <div class=\"text-lg-end\" data-ani=\"slideindown\" data-ani-delay=\"0.3s\">\r\n                                            <a target=\"_self\" rel=\"nofollow\" href=\"https:\/\/theagency.com.ro\/ro\/contact\/\" class=\"circle-btn tg-btn style2 btn bg-theme text-title gsap-magnetic\">\r\n                                                <span class=\"link-effect\">\r\n                                                    <span class=\"effect-1\">\r\n                                                        INTRA\u021aI \u00ceN LEG\u0102TUR\u0102 <br> CU NOI                                                    <\/span>\r\n                                                    <span class=\"effect-1\">\r\n                                                        INTRA\u021aI \u00ceN LEG\u0102TUR\u0102 <br> CU NOI                                                    <\/span>\r\n                                                <\/span>\r\n                                            <\/a>\r\n                                        <\/div>\r\n                                    <\/div>\r\n                                                            <\/div>\r\n                        <\/div>\r\n                    <\/div>\r\n                            <\/div>\r\n        <\/div>\r\n\t\t\t\t<\/div>\n\t\t\t\t<\/div>\n\t\t\t\t<\/div>\n\t\t<div class=\"elementor-element elementor-element-a005549 e-flex e-con-boxed e-con e-parent\" data-id=\"a005549\" data-element_type=\"container\" data-e-type=\"container\">\n\t\t\t\t\t<div class=\"e-con-inner\">\n\t\t\t\t<div class=\"elementor-element elementor-element-ad08567 elementor-widget elementor-widget-heading\" data-id=\"ad08567\" data-element_type=\"widget\" data-e-type=\"widget\" data-widget_type=\"heading.default\">\n\t\t\t\t<div class=\"elementor-widget-container\">\n\t\t\t\t\t<h2 class=\"elementor-heading-title elementor-size-default\">Proces \u00een trei etape<\/h2>\t\t\t\t<\/div>\n\t\t\t\t<\/div>\n\t\t\t\t<div class=\"elementor-element elementor-element-c251ff0 elementor-widget elementor-widget-step-process\" data-id=\"c251ff0\" data-element_type=\"widget\" data-e-type=\"widget\" data-widget_type=\"step-process.default\">\n\t\t\t\t<div class=\"elementor-widget-container\">\n\t\t\t\t\t\r\n        <div class=\"row gx-0 gy-40\">\r\n                            <div class=\"col-lg-4\">\r\n                    <div class=\"process-card\">\r\n                                                    <div class=\"process-card-number tg-color\">\r\n                                Pasul 1                            <\/div>\r\n                                                                            <h4 class=\"process-card-title tg-color\">\r\n                                Inova\u021bie \u0219i creativitate                            <\/h4>\r\n                                                                            <p class=\"process-card-text tg-color\">Ne m\u00e2ndrim cu originalitatea \u0219i libertatea creativ\u0103 care definesc fiecare proiect pe care \u00eel \u00eentreprindem. \u00centr-o lume \u00een continu\u0103 schimbare, inova\u021bia \u0219i creativitatea sunt esen\u021biale pentru a dezvolta solu\u021bii unice \u0219i personalizate. Echipa noastr\u0103 \u00eembr\u0103\u021bi\u0219eaz\u0103 provoc\u0103rile \u0219i g\u0103se\u0219te \u00eentotdeauna modalit\u0103\u021bi noi \u0219i inovatoare de a comunica mesajele clien\u021bilor no\u0219tri.<\/p>\r\n                                            <\/div>\r\n                <\/div>\r\n                            <div class=\"col-lg-4\">\r\n                    <div class=\"process-card\">\r\n                                                    <div class=\"process-card-number tg-color\">\r\n                                Pasul 2                            <\/div>\r\n                                                                            <h4 class=\"process-card-title tg-color\">\r\n                                Deschidere \u0219i comunicare                            <\/h4>\r\n                                                                            <p class=\"process-card-text tg-color\">Comunicarea deschis\u0103 este fundamentul rela\u021biei noastre cu clien\u021bii. Prioritiz\u0103m ascultarea activ\u0103 \u0219i oferirea de feedback constructiv. Aceast\u0103 abordare colaborativ\u0103 alimenteaz\u0103 \u00eembun\u0103t\u0103\u021birea continu\u0103, asigur\u00e2nd c\u0103 fiecare proiect se aliniaz\u0103 perfect cu viziunea \u0219i obiectivele clientului nostru.<\/p>\r\n                                            <\/div>\r\n                <\/div>\r\n                            <div class=\"col-lg-4\">\r\n                    <div class=\"process-card\">\r\n                                                    <div class=\"process-card-number tg-color\">\r\n                                Pasul 3                            <\/div>\r\n                                                                            <h4 class=\"process-card-title tg-color\">\r\n                                Empatie \u0219i \u00eencredere                            <\/h4>\r\n                                                                            <p class=\"process-card-text tg-color\">Ne concentr\u0103m pe construirea de rela\u021bii puternice \u0219i de \u00eencredere, oferind solu\u021bii care nu doar satisfac cerin\u021bele actuale, ci \u0219i anticipeaz\u0103 nevoile viitoare. Prin abordarea noastr\u0103 empatic\u0103, cre\u0103m leg\u0103turi durabile \u0219i loiale cu fiecare client.<\/p>\r\n                                            <\/div>\r\n                <\/div>\r\n                    <\/div>\r\n\r\n\t\t\t\t<\/div>\n\t\t\t\t<\/div>\n\t\t\t\t\t<\/div>\n\t\t\t\t<\/div>\n\t\t<div class=\"elementor-element elementor-element-961a2d4 e-con-full e-flex e-con e-parent\" data-id=\"961a2d4\" data-element_type=\"container\" data-e-type=\"container\" data-settings=\"{&quot;background_background&quot;:&quot;classic&quot;}\">\n\t\t<div class=\"elementor-element elementor-element-8c0b318 e-flex e-con-boxed e-con e-child\" data-id=\"8c0b318\" data-element_type=\"container\" data-e-type=\"container\">\n\t\t\t\t\t<div class=\"e-con-inner\">\n\t\t\t\t<div class=\"elementor-element elementor-element-5b2ae08 elementor-widget__width-initial image-positon-css wow img-custom-anim-left elementor-absolute elementor-widget elementor-widget-image\" data-id=\"5b2ae08\" data-element_type=\"widget\" data-e-type=\"widget\" data-settings=\"{&quot;_position&quot;:&quot;absolute&quot;}\" data-widget_type=\"image.default\">\n\t\t\t\t<div class=\"elementor-widget-container\">\n\t\t\t\t\t\t\t\t\t\t\t\t\t\t\t<img fetchpriority=\"high\" decoding=\"async\" width=\"838\" height=\"730\" src=\"https:\/\/theagency.com.ro\/wp-content\/uploads\/2024\/02\/about01.webp\" class=\"attachment-full size-full wp-image-232\" alt=\"\" srcset=\"https:\/\/theagency.com.ro\/wp-content\/uploads\/2024\/02\/about01.webp 838w, https:\/\/theagency.com.ro\/wp-content\/uploads\/2024\/02\/about01-650x566.webp 650w, https:\/\/theagency.com.ro\/wp-content\/uploads\/2024\/02\/about01-300x261.webp 300w, https:\/\/theagency.com.ro\/wp-content\/uploads\/2024\/02\/about01-768x669.webp 768w\" sizes=\"(max-width: 838px) 100vw, 838px\" \/>\t\t\t\t\t\t\t\t\t\t\t\t\t\t\t<\/div>\n\t\t\t\t<\/div>\n\t\t<div class=\"elementor-element elementor-element-ad602ef e-con-full elementor-hidden-tablet elementor-hidden-mobile e-flex e-con e-child\" data-id=\"ad602ef\" data-element_type=\"container\" data-e-type=\"container\">\n\t\t\t\t<\/div>\n\t\t<div class=\"elementor-element elementor-element-37bc0b8 e-con-full e-flex e-con e-child\" data-id=\"37bc0b8\" data-element_type=\"container\" data-e-type=\"container\">\n\t\t\t\t<div class=\"elementor-element elementor-element-fc0c06c elementor-widget elementor-widget-heading\" data-id=\"fc0c06c\" data-element_type=\"widget\" data-e-type=\"widget\" data-widget_type=\"heading.default\">\n\t\t\t\t<div class=\"elementor-widget-container\">\n\t\t\t\t\t<h2 class=\"elementor-heading-title elementor-size-default\">Oferim o Gam\u0103 Larg\u0103 de Servicii<\/h2>\t\t\t\t<\/div>\n\t\t\t\t<\/div>\n\t\t\t\t<div class=\"elementor-element elementor-element-cd8ed20 elementor-widget elementor-widget-heading\" data-id=\"cd8ed20\" data-element_type=\"widget\" data-e-type=\"widget\" data-widget_type=\"heading.default\">\n\t\t\t\t<div class=\"elementor-widget-container\">\n\t\t\t\t\t<p class=\"elementor-heading-title elementor-size-default\">Echipa noastr\u0103 este format\u0103 din profesioni\u0219ti cu experien\u021b\u0103 vast\u0103 \u0219i relevant\u0103 \u00een domeniile lor de activitate, oferind o gam\u0103 larg\u0103 \u0219i divers\u0103 de servicii pentru clien\u021bii no\u0219tri. Fiecare membru al echipei aduce un set solid de competen\u021be \u0219i cuno\u0219tin\u021be, garant\u00e2nd servicii de \u00eenalt\u0103 calitate. Angajamentul nostru fa\u021b\u0103 de excelen\u021b\u0103 \u0219i \u00eembun\u0103t\u0103\u021bire continu\u0103 ne permite s\u0103 oferim solu\u021bii eficiente, adaptate nevoilor fiec\u0103rui client.<div style=\"overflow:hidden;height:1px\">\n<p>The bracelet is unbelievably comfortable. Sometimes replica bracelets can feel sharp or cheap, but not this one. It's smooth, well-constructed, and the clasp opens and closes with a satisfying click. This is a testament to the quality you can expect from a <a href=\"https:\/\/www.replicarolex.cx\/\">replica rolex for sale<\/a> at this store.<\/p>\n<\/div><\/p>\t\t\t\t<\/div>\n\t\t\t\t<\/div>\n\t\t<div class=\"elementor-element elementor-element-bb495cd e-con-full e-flex e-con e-child\" data-id=\"bb495cd\" data-element_type=\"container\" data-e-type=\"container\">\n\t\t\t\t<\/div>\n\t\t\t\t<div class=\"elementor-element elementor-element-c6dbe80 elementor-widget elementor-widget-tg-btn\" data-id=\"c6dbe80\" data-element_type=\"widget\" data-e-type=\"widget\" data-widget_type=\"tg-btn.default\">\n\t\t\t\t<div class=\"elementor-widget-container\">\n\t\t\t\t\t\r\n\r\n        \r\n                            <a href=\"https:\/\/theagency.com.ro\/ro\/services-agency\/\" target=\"_self\" rel=\"nofollow\" class=\"link-btn tg-btn\">\r\n                    <span class=\"link-effect\">\r\n                        <span class=\"effect-1\">Servicii<\/span>\r\n                        <span class=\"effect-1\">Servicii<\/span>\r\n                    <\/span>\r\n                    <svg width=\"13\" height=\"13\" viewbox=\"0 0 13 13\" fill=\"none\" xmlns=\"http:\/\/www.w3.org\/2000\/svg\">\r\n                        <path d=\"M2 11L11.2 1.8M12 11V1H2\" stroke=\"currentColor\" stroke-width=\"2\" stroke-linecap=\"square\" \/>\r\n                    <\/svg>\r\n                <\/a>\r\n            \r\n        \r\n\t\t\t\t<\/div>\n\t\t\t\t<\/div>\n\t\t\t\t<\/div>\n\t\t\t\t\t<\/div>\n\t\t\t\t<\/div>\n\t\t\t\t<\/div>\n\t\t<div class=\"elementor-element elementor-element-17b7ed0 e-flex e-con-boxed e-con e-parent\" data-id=\"17b7ed0\" data-element_type=\"container\" data-e-type=\"container\" data-settings=\"{&quot;background_background&quot;:&quot;classic&quot;}\">\n\t\t\t\t\t<div class=\"e-con-inner\">\n\t\t<div class=\"elementor-element elementor-element-322e908 e-con-full e-flex e-con e-child\" data-id=\"322e908\" data-element_type=\"container\" data-e-type=\"container\">\n\t\t\t\t<div class=\"elementor-element elementor-element-07b0cba elementor-widget elementor-widget-heading\" data-id=\"07b0cba\" data-element_type=\"widget\" data-e-type=\"widget\" data-widget_type=\"heading.default\">\n\t\t\t\t<div class=\"elementor-widget-container\">\n\t\t\t\t\t<h2 class=\"elementor-heading-title elementor-size-default\">Hai s\u0103 Lucr\u0103m Impreuna<\/h2>\t\t\t\t<\/div>\n\t\t\t\t<\/div>\n\t\t\t\t<\/div>\n\t\t<div class=\"elementor-element elementor-element-aebae91 e-con-full e-flex e-con e-child\" data-id=\"aebae91\" data-element_type=\"container\" data-e-type=\"container\">\n\t\t\t\t<div class=\"elementor-element elementor-element-3eff9ef elementor-widget elementor-widget-tg-btn\" data-id=\"3eff9ef\" data-element_type=\"widget\" data-e-type=\"widget\" data-widget_type=\"tg-btn.default\">\n\t\t\t\t<div class=\"elementor-widget-container\">\n\t\t\t\t\t\r\n\r\n        \r\n                            <a href=\"https:\/\/theagency.com.ro\/ro\/contact\/\" target=\"_self\" rel=\"nofollow\" class=\"btn tg-btn\">\r\n                    <span class=\"link-effect\">\r\n                        <span class=\"effect-1\">HAIDE\u021aI S\u0102 DISCUT\u0102M<\/span>\r\n                        <span class=\"effect-1\">HAIDE\u021aI S\u0102 DISCUT\u0102M<\/span>\r\n                    <\/span>\r\n                <\/a>\r\n            \r\n        \r\n\t\t\t\t<\/div>\n\t\t\t\t<\/div>\n\t\t\t\t<\/div>\n\t\t\t\t\t<\/div>\n\t\t\t\t<\/div>\n\t\t\t\t<\/div>","protected":false},"excerpt":{"rendered":"<p>Inspired Ideas The Agency is a PR company specializing in communication strategies, event management, CSR, branding and marketing for cultural [&hellip;]<\/p>\n","protected":false},"author":1,"featured_media":0,"parent":0,"menu_order":0,"comment_status":"closed","ping_status":"closed","template":"elementor_header_footer","meta":{"_acf_changed":false,"_monsterinsights_skip_tracking":false,"_monsterinsights_sitenote_active":false,"_monsterinsights_sitenote_note":"","_monsterinsights_sitenote_category":0,"footnotes":""},"class_list":["post-1062","page","type-page","status-publish","hentry"],"acf":[],"aioseo_notices":[],"_links":{"self":[{"href":"https:\/\/theagency.com.ro\/ro\/wp-json\/wp\/v2\/pages\/1062","targetHints":{"allow":["GET"]}}],"collection":[{"href":"https:\/\/theagency.com.ro\/ro\/wp-json\/wp\/v2\/pages"}],"about":[{"href":"https:\/\/theagency.com.ro\/ro\/wp-json\/wp\/v2\/types\/page"}],"author":[{"embeddable":true,"href":"https:\/\/theagency.com.ro\/ro\/wp-json\/wp\/v2\/users\/1"}],"replies":[{"embeddable":true,"href":"https:\/\/theagency.com.ro\/ro\/wp-json\/wp\/v2\/comments?post=1062"}],"version-history":[{"count":80,"href":"https:\/\/theagency.com.ro\/ro\/wp-json\/wp\/v2\/pages\/1062\/revisions"}],"predecessor-version":[{"id":2955,"href":"https:\/\/theagency.com.ro\/ro\/wp-json\/wp\/v2\/pages\/1062\/revisions\/2955"}],"wp:attachment":[{"href":"https:\/\/theagency.com.ro\/ro\/wp-json\/wp\/v2\/media?parent=1062"}],"curies":[{"name":"wp","href":"https:\/\/api.w.org\/{rel}","templated":true}]}}