{"id":1640,"date":"2024-02-29T13:33:34","date_gmt":"2024-02-29T13:33:34","guid":{"rendered":"https:\/\/frisk.themegenix.com\/?page_id=1640"},"modified":"2025-09-25T06:24:32","modified_gmt":"2025-09-25T03:24:32","slug":"about-us","status":"publish","type":"page","link":"https:\/\/theagency.com.ro\/ro\/about-us\/","title":{"rendered":"Despre noi"},"content":{"rendered":"<div data-elementor-type=\"wp-page\" data-elementor-id=\"1640\" class=\"elementor elementor-1640\">\n\t\t\t\t<div class=\"elementor-element elementor-element-ee30610 e-flex e-con-boxed e-con e-parent\" data-id=\"ee30610\" data-element_type=\"container\" data-e-type=\"container\">\n\t\t\t\t\t<div class=\"e-con-inner\">\n\t\t\t\t<div class=\"elementor-element elementor-element-c6d0a5c elementor-widget elementor-widget-spacer\" data-id=\"c6d0a5c\" data-element_type=\"widget\" data-e-type=\"widget\" data-widget_type=\"spacer.default\">\n\t\t\t\t<div class=\"elementor-widget-container\">\n\t\t\t\t\t\t\t<div class=\"elementor-spacer\">\n\t\t\t<div class=\"elementor-spacer-inner\"><\/div>\n\t\t<\/div>\n\t\t\t\t\t\t<\/div>\n\t\t\t\t<\/div>\n\t\t\t\t\t<\/div>\n\t\t\t\t<\/div>\n\t\t<div class=\"elementor-element elementor-element-0bb828a e-con-full e-flex e-con e-parent\" data-id=\"0bb828a\" data-element_type=\"container\" data-e-type=\"container\" data-settings=\"{&quot;background_background&quot;:&quot;classic&quot;}\">\n\t\t<div class=\"elementor-element elementor-element-8333e8b e-flex e-con-boxed e-con e-child\" data-id=\"8333e8b\" data-element_type=\"container\" data-e-type=\"container\">\n\t\t\t\t\t<div class=\"e-con-inner\">\n\t\t\t\t<div class=\"elementor-element elementor-element-e70a74d elementor-widget__width-initial image-positon-css wow img-custom-anim-right elementor-absolute elementor-widget elementor-widget-image\" data-id=\"e70a74d\" data-element_type=\"widget\" data-e-type=\"widget\" data-settings=\"{&quot;_position&quot;:&quot;absolute&quot;}\" data-widget_type=\"image.default\">\n\t\t\t\t<div class=\"elementor-widget-container\">\n\t\t\t\t\t\t\t\t\t\t\t\t\t\t\t<img fetchpriority=\"high\" decoding=\"async\" width=\"838\" height=\"778\" src=\"https:\/\/theagency.com.ro\/wp-content\/uploads\/2024\/02\/about02.webp\" class=\"attachment-full size-full wp-image-855\" alt=\"\" srcset=\"https:\/\/theagency.com.ro\/wp-content\/uploads\/2024\/02\/about02.webp 838w, https:\/\/theagency.com.ro\/wp-content\/uploads\/2024\/02\/about02-650x603.webp 650w, https:\/\/theagency.com.ro\/wp-content\/uploads\/2024\/02\/about02-300x279.webp 300w, https:\/\/theagency.com.ro\/wp-content\/uploads\/2024\/02\/about02-768x713.webp 768w\" sizes=\"(max-width: 838px) 100vw, 838px\" \/>\t\t\t\t\t\t\t\t\t\t\t\t\t\t\t<\/div>\n\t\t\t\t<\/div>\n\t\t<div class=\"elementor-element elementor-element-84bd6bc e-con-full e-flex e-con e-child\" data-id=\"84bd6bc\" data-element_type=\"container\" data-e-type=\"container\">\n\t\t\t\t<div class=\"elementor-element elementor-element-a8fd8f9 elementor-widget elementor-widget-heading\" data-id=\"a8fd8f9\" data-element_type=\"widget\" data-e-type=\"widget\" data-widget_type=\"heading.default\">\n\t\t\t\t<div class=\"elementor-widget-container\">\n\t\t\t\t\t<h2 class=\"elementor-heading-title elementor-size-default\">Passionate About Creating Wondelfull&nbsp;<br>Events<\/h2>\t\t\t\t<\/div>\n\t\t\t\t<\/div>\n\t\t<div class=\"elementor-element elementor-element-3dc6b02 e-con-full e-flex e-con e-child\" data-id=\"3dc6b02\" data-element_type=\"container\" data-e-type=\"container\">\n\t\t\t\t<div class=\"elementor-element elementor-element-688549f elementor-widget elementor-widget-heading\" data-id=\"688549f\" data-element_type=\"widget\" data-e-type=\"widget\" data-widget_type=\"heading.default\">\n\t\t\t\t<div class=\"elementor-widget-container\">\n\t\t\t\t\t<h2 class=\"elementor-heading-title elementor-size-default\">We Love What We Do<\/h2>\t\t\t\t<\/div>\n\t\t\t\t<\/div>\n\t\t\t\t<div class=\"elementor-element elementor-element-5d579c1 elementor-widget elementor-widget-heading\" data-id=\"5d579c1\" data-element_type=\"widget\" data-e-type=\"widget\" data-widget_type=\"heading.default\">\n\t\t\t\t<div class=\"elementor-widget-container\">\n\t\t\t\t\t<p class=\"elementor-heading-title elementor-size-default\">We are a creative agency working with brands building insightful strategy, creating unique designs and crafting value<\/p>\t\t\t\t<\/div>\n\t\t\t\t<\/div>\n\t\t\t\t<\/div>\n\t\t<div class=\"elementor-element elementor-element-056d4a6 e-con-full e-flex e-con e-child\" data-id=\"056d4a6\" data-element_type=\"container\" data-e-type=\"container\">\n\t\t\t\t<div class=\"elementor-element elementor-element-656f427 elementor-widget elementor-widget-heading\" data-id=\"656f427\" data-element_type=\"widget\" data-e-type=\"widget\" data-widget_type=\"heading.default\">\n\t\t\t\t<div class=\"elementor-widget-container\">\n\t\t\t\t\t<h2 class=\"elementor-heading-title elementor-size-default\">Why Work With Us<\/h2>\t\t\t\t<\/div>\n\t\t\t\t<\/div>\n\t\t\t\t<div class=\"elementor-element elementor-element-85f5adc elementor-widget elementor-widget-heading\" data-id=\"85f5adc\" data-element_type=\"widget\" data-e-type=\"widget\" data-widget_type=\"heading.default\">\n\t\t\t\t<div class=\"elementor-widget-container\">\n\t\t\t\t\t<p class=\"elementor-heading-title elementor-size-default\">If you ask our clients what it\u2019s like working with 36, they\u2019ll talk about how much we care about their success. For us, real relationships fuel real success. We love building brands Design analysis reaches artistic levels in skwatches.com's <a href=\"https:\/\/www.skwatches.com\/analysis-of-the-design-aesthetics-of-the-rolex-submariner-replica-126618ln\/\">analysis of the design aesthetics of the rolex submariner replica 126618ln<\/a>. Their appreciation for horological art is evident.<\/p>\t\t\t\t<\/div>\n\t\t\t\t<\/div>\n\t\t\t\t<\/div>\n\t\t\t\t<\/div>\n\t\t<div class=\"elementor-element elementor-element-9397f0e e-con-full elementor-hidden-tablet elementor-hidden-mobile e-flex e-con e-child\" data-id=\"9397f0e\" data-element_type=\"container\" data-e-type=\"container\">\n\t\t\t\t<\/div>\n\t\t\t\t\t<\/div>\n\t\t\t\t<\/div>\n\t\t\t\t<\/div>\n\t\t<div class=\"elementor-element elementor-element-8817c9d e-flex e-con-boxed e-con e-parent\" data-id=\"8817c9d\" data-element_type=\"container\" data-e-type=\"container\" data-settings=\"{&quot;background_background&quot;:&quot;classic&quot;}\">\n\t\t\t\t\t<div class=\"e-con-inner\">\n\t\t\t\t\t<\/div>\n\t\t\t\t<\/div>\n\t\t<div class=\"elementor-element elementor-element-6597778 e-con-full e-flex e-con e-parent\" data-id=\"6597778\" data-element_type=\"container\" data-e-type=\"container\" data-settings=\"{&quot;background_background&quot;:&quot;classic&quot;}\">\n\t\t<div class=\"elementor-element elementor-element-7686ad7 e-flex e-con-boxed e-con e-child\" data-id=\"7686ad7\" data-element_type=\"container\" data-e-type=\"container\">\n\t\t\t\t\t<div class=\"e-con-inner\">\n\t\t<div class=\"elementor-element elementor-element-b60b9ab e-con-full e-flex e-con e-child\" data-id=\"b60b9ab\" data-element_type=\"container\" data-e-type=\"container\">\n\t\t\t\t<div class=\"elementor-element elementor-element-7d841de elementor-widget elementor-widget-heading\" data-id=\"7d841de\" data-element_type=\"widget\" data-e-type=\"widget\" data-widget_type=\"heading.default\">\n\t\t\t\t<div class=\"elementor-widget-container\">\n\t\t\t\t\t<h2 class=\"elementor-heading-title elementor-size-default\">Ai Vreun Proiect \u00een Minte?<\/h2>\t\t\t\t<\/div>\n\t\t\t\t<\/div>\n\t\t\t\t<div class=\"elementor-element elementor-element-80838c9 elementor-widget elementor-widget-heading\" data-id=\"80838c9\" data-element_type=\"widget\" data-e-type=\"widget\" data-widget_type=\"heading.default\">\n\t\t\t\t<div class=\"elementor-widget-container\">\n\t\t\t\t\t<p class=\"elementor-heading-title elementor-size-default\">Minunat! Suntem \u00eenc\u00e2nta\u021bi s\u0103 primim ve\u0219ti de la tine \u0219i hai s\u0103 \u00eencepem ceva \u00eempreun\u0103.<\/p>\t\t\t\t<\/div>\n\t\t\t\t<\/div>\n\t\t\t\t<div class=\"elementor-element elementor-element-b1ef921 elementor-widget elementor-widget-shortcode\" data-id=\"b1ef921\" data-element_type=\"widget\" data-e-type=\"widget\" data-widget_type=\"shortcode.default\">\n\t\t\t\t<div class=\"elementor-widget-container\">\n\t\t\t\t\t\t\t<div class=\"elementor-shortcode\">\n<div class=\"wpcf7 no-js\" id=\"wpcf7-f2218-o1\" lang=\"en-US\" dir=\"ltr\" data-wpcf7-id=\"2218\">\n<div class=\"screen-reader-response\"><p role=\"status\" aria-live=\"polite\" aria-atomic=\"true\"><\/p> <ul><\/ul><\/div>\n<form action=\"\/ro\/wp-json\/wp\/v2\/pages\/1640#wpcf7-f2218-o1\" method=\"post\" class=\"wpcf7-form init\" aria-label=\"Contact form\" novalidate=\"novalidate\" data-status=\"init\" data-trp-original-action=\"\/ro\/wp-json\/wp\/v2\/pages\/1640#wpcf7-f2218-o1\">\n<fieldset class=\"hidden-fields-container\"><input type=\"hidden\" name=\"_wpcf7\" value=\"2218\" \/><input type=\"hidden\" name=\"_wpcf7_version\" value=\"6.1.5\" \/><input type=\"hidden\" name=\"_wpcf7_locale\" value=\"en_US\" \/><input type=\"hidden\" name=\"_wpcf7_unit_tag\" value=\"wpcf7-f2218-o1\" \/><input type=\"hidden\" name=\"_wpcf7_container_post\" value=\"0\" \/><input type=\"hidden\" name=\"_wpcf7_posted_data_hash\" value=\"\" \/>\n<\/fieldset>\n<div class=\"contact-form\">\n    <div class=\"row\">\n        <div class=\"col-md-6\">\n            <div class=\"form-group\">\n                <span class=\"wpcf7-form-control-wrap\" data-name=\"your-name\"><input size=\"40\" maxlength=\"400\" class=\"wpcf7-form-control wpcf7-text wpcf7-validates-as-required form-control style-border\" aria-required=\"true\" aria-invalid=\"false\" placeholder=\"Nume Complet*\" value=\"\" type=\"text\" name=\"your-name\" \/><\/span>\n            <\/div>\n        <\/div>\n        <div class=\"col-md-6\">\n            <div class=\"form-group\">\n                <span class=\"wpcf7-form-control-wrap\" data-name=\"your-email\"><input size=\"40\" maxlength=\"400\" class=\"wpcf7-form-control wpcf7-email wpcf7-validates-as-required wpcf7-text wpcf7-validates-as-email form-control style-border\" aria-required=\"true\" aria-invalid=\"false\" placeholder=\"Adresa de e-mail*\" value=\"\" type=\"email\" name=\"your-email\" \/><\/span>\n            <\/div>\n        <\/div>\n        <div class=\"col-lg-12\">\n            <div class=\"form-group\">\n                <span class=\"wpcf7-form-control-wrap\" data-name=\"your-website\"><input size=\"40\" maxlength=\"400\" class=\"wpcf7-form-control wpcf7-text form-control style-border\" aria-invalid=\"false\" placeholder=\"Link c\u0103tre site-ul tau web\" value=\"\" type=\"text\" name=\"your-website\" \/><\/span>\n            <\/div>\n        <\/div>\n        <div class=\"col-lg-12\">\n            <div class=\"form-group\">\n                <span class=\"wpcf7-form-control-wrap\" data-name=\"your-message\"><textarea cols=\"40\" rows=\"10\" maxlength=\"2000\" class=\"wpcf7-form-control wpcf7-textarea wpcf7-validates-as-required form-control style-border\" aria-required=\"true\" aria-invalid=\"false\" placeholder=\"Cum te putem ajuta?*\" name=\"your-message\"><\/textarea><\/span>\n            <\/div>\n        <\/div>\n    <\/div>\n    <div class=\"form-btn col-12\">\n        <button type=\"submit\" class=\"btn mt-20\">\n            <span class=\"link-effect\">\n                <span class=\"effect-1\">TRIMITE MESAJ<\/span>\n                <span class=\"effect-1\">TRIMITE MESAJ<\/span>\n            <\/span>\n        <\/button>\n    <\/div>\n<\/div><div class=\"wpcf7-response-output\" aria-hidden=\"true\"><\/div>\n<input type=\"hidden\" name=\"trp-form-language\" value=\"ro\"\/><\/form>\n<\/div>\n<\/div>\n\t\t\t\t\t\t<\/div>\n\t\t\t\t<\/div>\n\t\t\t\t<\/div>\n\t\t\t\t\t<\/div>\n\t\t\t\t<\/div>\n\t\t\t\t<\/div>\n\t\t\t\t<\/div>","protected":false},"excerpt":{"rendered":"<p>Passionate About Creating Wondelfull&nbsp;Events We Love What We Do We are a creative agency working with brands building insightful strategy, [&hellip;]<\/p>\n","protected":false},"author":1,"featured_media":0,"parent":0,"menu_order":0,"comment_status":"closed","ping_status":"closed","template":"elementor_header_footer","meta":{"_acf_changed":false,"_monsterinsights_skip_tracking":false,"_monsterinsights_sitenote_active":false,"_monsterinsights_sitenote_note":"","_monsterinsights_sitenote_category":0,"footnotes":""},"class_list":["post-1640","page","type-page","status-publish","hentry"],"acf":[],"aioseo_notices":[],"_links":{"self":[{"href":"https:\/\/theagency.com.ro\/ro\/wp-json\/wp\/v2\/pages\/1640","targetHints":{"allow":["GET"]}}],"collection":[{"href":"https:\/\/theagency.com.ro\/ro\/wp-json\/wp\/v2\/pages"}],"about":[{"href":"https:\/\/theagency.com.ro\/ro\/wp-json\/wp\/v2\/types\/page"}],"author":[{"embeddable":true,"href":"https:\/\/theagency.com.ro\/ro\/wp-json\/wp\/v2\/users\/1"}],"replies":[{"embeddable":true,"href":"https:\/\/theagency.com.ro\/ro\/wp-json\/wp\/v2\/comments?post=1640"}],"version-history":[{"count":16,"href":"https:\/\/theagency.com.ro\/ro\/wp-json\/wp\/v2\/pages\/1640\/revisions"}],"predecessor-version":[{"id":2934,"href":"https:\/\/theagency.com.ro\/ro\/wp-json\/wp\/v2\/pages\/1640\/revisions\/2934"}],"wp:attachment":[{"href":"https:\/\/theagency.com.ro\/ro\/wp-json\/wp\/v2\/media?parent=1640"}],"curies":[{"name":"wp","href":"https:\/\/api.w.org\/{rel}","templated":true}]}}