{"id":1669,"date":"2024-02-29T14:10:28","date_gmt":"2024-02-29T14:10:28","guid":{"rendered":"https:\/\/frisk.themegenix.com\/?page_id=1669"},"modified":"2025-12-07T19:02:59","modified_gmt":"2025-12-07T16:02:59","slug":"services-agency","status":"publish","type":"page","link":"https:\/\/theagency.com.ro\/ro\/services-agency\/","title":{"rendered":"Servicii"},"content":{"rendered":"<div data-elementor-type=\"wp-page\" data-elementor-id=\"1669\" class=\"elementor elementor-1669\">\n\t\t\t\t<div class=\"elementor-element elementor-element-2e15ab5 e-flex e-con-boxed e-con e-parent\" data-id=\"2e15ab5\" data-element_type=\"container\" data-e-type=\"container\">\n\t\t\t\t\t<div class=\"e-con-inner\">\n\t\t\t\t<div class=\"elementor-element elementor-element-fc86a06 elementor-widget elementor-widget-tg-servicesBox\" data-id=\"fc86a06\" data-element_type=\"widget\" data-e-type=\"widget\" data-widget_type=\"tg-servicesBox.default\">\n\t\t\t\t<div class=\"elementor-widget-container\">\n\t\t\t\t\t\r\n        \r\n            <div class=\"row gy-4 align-items-center justify-content-center\">\r\n                \r\n                                            <div class=\"col-xxl-6 col-xl-6\">\r\n                            <div class=\"feature-card style-grid\">\r\n                                                                                                            <div class=\"feature-card-icon\">\r\n                                            <img decoding=\"async\" src=\"https:\/\/frisk.themegenix.com\/wp-content\/uploads\/2024\/02\/feature-icon3.svg\" alt=\"icon\">\r\n                                        <\/div>\r\n                                                                                                    <div class=\"feature-card-details\">\r\n                                    <h4 class=\"feature-card-title tg-title\">\r\n                                        <a href=\"https:\/\/theagency.com.ro\/ro\/services\/project-management\/\">Management de Proiect<\/a>\r\n                                    <\/h4>\r\n                                                                            <p class=\"feature-card-text\">Management de Proiect: Succesul proiectului dumneavoastr\u0103, la timp \u0219i \u00een buget.<\/p>\r\n                                                                        <a href=\"https:\/\/theagency.com.ro\/ro\/services\/project-management\/\" class=\"link-btn tg-btn\">\r\n                                        <span class=\"link-effect\">\r\n                                            <span class=\"effect-1\">VEZI DETALII<\/span>\r\n                                            <span class=\"effect-1\">VEZI DETALII<\/span>\r\n                                        <\/span>\r\n                                        <svg width=\"13\" height=\"13\" viewbox=\"0 0 13 13\" fill=\"none\" xmlns=\"http:\/\/www.w3.org\/2000\/svg\">\r\n                                            <path d=\"M2 11L11.2 1.8M12 11V1H2\" stroke=\"currentColor\" stroke-width=\"2\" stroke-linecap=\"square\" \/>\r\n                                        <\/svg>\r\n                                    <\/a>\r\n                                <\/div>\r\n                            <\/div>\r\n                        <\/div>\r\n                    \r\n                \r\n                                            <div class=\"col-xxl-6 col-xl-6\">\r\n                            <div class=\"feature-card style-grid\">\r\n                                                                                                            <div class=\"feature-card-icon\">\r\n                                            <img decoding=\"async\" src=\"https:\/\/frisk.themegenix.com\/wp-content\/uploads\/2024\/02\/feature-icon4.svg\" alt=\"icon\">\r\n                                        <\/div>\r\n                                                                                                    <div class=\"feature-card-details\">\r\n                                    <h4 class=\"feature-card-title tg-title\">\r\n                                        <a href=\"https:\/\/theagency.com.ro\/ro\/services\/social-media-management\/\">Managementul Re\u021belelor Sociale<\/a>\r\n                                    <\/h4>\r\n                                                                            <p class=\"feature-card-text\">Exper\u021bii t\u0103i \u00een re\u021belele sociale. Cre\u0103m strategii \u0219i con\u021binut care ob\u021bin rezultate.<\/p>\r\n                                                                        <a href=\"https:\/\/theagency.com.ro\/ro\/services\/social-media-management\/\" class=\"link-btn tg-btn\">\r\n                                        <span class=\"link-effect\">\r\n                                            <span class=\"effect-1\">VEZI DETALII<\/span>\r\n                                            <span class=\"effect-1\">VEZI DETALII<\/span>\r\n                                        <\/span>\r\n                                        <svg width=\"13\" height=\"13\" viewbox=\"0 0 13 13\" fill=\"none\" xmlns=\"http:\/\/www.w3.org\/2000\/svg\">\r\n                                            <path d=\"M2 11L11.2 1.8M12 11V1H2\" stroke=\"currentColor\" stroke-width=\"2\" stroke-linecap=\"square\" \/>\r\n                                        <\/svg>\r\n                                    <\/a>\r\n                                <\/div>\r\n                            <\/div>\r\n                        <\/div>\r\n                    \r\n                \r\n                                            <div class=\"col-xxl-6 col-xl-6\">\r\n                            <div class=\"feature-card style-grid\">\r\n                                                                                                            <div class=\"feature-card-icon\">\r\n                                            <img decoding=\"async\" src=\"https:\/\/frisk.themegenix.com\/wp-content\/uploads\/2024\/02\/feature-icon6.svg\" alt=\"icon\">\r\n                                        <\/div>\r\n                                                                                                    <div class=\"feature-card-details\">\r\n                                    <h4 class=\"feature-card-title tg-title\">\r\n                                        <a href=\"https:\/\/theagency.com.ro\/ro\/services\/photo-video\/\">Servicii Foto &amp; Video<\/a>\r\n                                    <\/h4>\r\n                                                                            <p class=\"feature-card-text\">Serviciile noastre Foto \u0219i Video v\u0103 dau via\u021b\u0103 ideilor.<\/p>\r\n                                                                        <a href=\"https:\/\/theagency.com.ro\/ro\/services\/photo-video\/\" class=\"link-btn tg-btn\">\r\n                                        <span class=\"link-effect\">\r\n                                            <span class=\"effect-1\">VEZI DETALII<\/span>\r\n                                            <span class=\"effect-1\">VEZI DETALII<\/span>\r\n                                        <\/span>\r\n                                        <svg width=\"13\" height=\"13\" viewbox=\"0 0 13 13\" fill=\"none\" xmlns=\"http:\/\/www.w3.org\/2000\/svg\">\r\n                                            <path d=\"M2 11L11.2 1.8M12 11V1H2\" stroke=\"currentColor\" stroke-width=\"2\" stroke-linecap=\"square\" \/>\r\n                                        <\/svg>\r\n                                    <\/a>\r\n                                <\/div>\r\n                            <\/div>\r\n                        <\/div>\r\n                    \r\n                \r\n                                            <div class=\"col-xxl-6 col-xl-6\">\r\n                            <div class=\"feature-card style-grid\">\r\n                                                                                                            <div class=\"feature-card-icon\">\r\n                                            <img decoding=\"async\" src=\"https:\/\/frisk.themegenix.com\/wp-content\/uploads\/2024\/02\/feature-icon5.svg\" alt=\"icon\">\r\n                                        <\/div>\r\n                                                                                                    <div class=\"feature-card-details\">\r\n                                    <h4 class=\"feature-card-title tg-title\">\r\n                                        <a href=\"https:\/\/theagency.com.ro\/ro\/services\/production-studio\/\">Studio de Produc\u021bie<\/a>\r\n                                    <\/h4>\r\n                                                                            <p class=\"feature-card-text\">Creeaz\u0103. \u00cenregistreaz\u0103. Inspir\u0103. Solu\u021bia complet\u0103 pentru produc\u021bie audio \u0219i video.<\/p>\r\n                                                                        <a href=\"https:\/\/theagency.com.ro\/ro\/services\/production-studio\/\" class=\"link-btn tg-btn\">\r\n                                        <span class=\"link-effect\">\r\n                                            <span class=\"effect-1\">VEZI DETALII<\/span>\r\n                                            <span class=\"effect-1\">VEZI DETALII<\/span>\r\n                                        <\/span>\r\n                                        <svg width=\"13\" height=\"13\" viewbox=\"0 0 13 13\" fill=\"none\" xmlns=\"http:\/\/www.w3.org\/2000\/svg\">\r\n                                            <path d=\"M2 11L11.2 1.8M12 11V1H2\" stroke=\"currentColor\" stroke-width=\"2\" stroke-linecap=\"square\" \/>\r\n                                        <\/svg>\r\n                                    <\/a>\r\n                                <\/div>\r\n                            <\/div>\r\n                        <\/div>\r\n                    \r\n                \r\n                                            <div class=\"col-xxl-6 col-xl-6\">\r\n                            <div class=\"feature-card style-grid\">\r\n                                                                                                            <div class=\"feature-card-icon\">\r\n                                            <img decoding=\"async\" src=\"https:\/\/frisk.themegenix.com\/wp-content\/uploads\/2024\/02\/feature-icon2.svg\" alt=\"icon\">\r\n                                        <\/div>\r\n                                                                                                    <div class=\"feature-card-details\">\r\n                                    <h4 class=\"feature-card-title tg-title\">\r\n                                        <a href=\"https:\/\/theagency.com.ro\/ro\/services\/web-development\/\">Dezvoltare Web<\/a>\r\n                                    <\/h4>\r\n                                                                            <p class=\"feature-card-text\">Un website bun spune o poveste care \u00eei va face pe utilizatori s\u0103 se implice complet \u00een navigare.<\/p>\r\n                                                                        <a href=\"https:\/\/theagency.com.ro\/ro\/services\/web-development\/\" class=\"link-btn tg-btn\">\r\n                                        <span class=\"link-effect\">\r\n                                            <span class=\"effect-1\">VEZI DETALII<\/span>\r\n                                            <span class=\"effect-1\">VEZI DETALII<\/span>\r\n                                        <\/span>\r\n                                        <svg width=\"13\" height=\"13\" viewbox=\"0 0 13 13\" fill=\"none\" xmlns=\"http:\/\/www.w3.org\/2000\/svg\">\r\n                                            <path d=\"M2 11L11.2 1.8M12 11V1H2\" stroke=\"currentColor\" stroke-width=\"2\" stroke-linecap=\"square\" \/>\r\n                                        <\/svg>\r\n                                    <\/a>\r\n                                <\/div>\r\n                            <\/div>\r\n                        <\/div>\r\n                    \r\n                \r\n                                            <div class=\"col-xxl-6 col-xl-6\">\r\n                            <div class=\"feature-card style-grid\">\r\n                                                                                                            <div class=\"feature-card-icon\">\r\n                                            <img decoding=\"async\" src=\"https:\/\/frisk.themegenix.com\/wp-content\/uploads\/2024\/02\/feature-icon1.svg\" alt=\"icon\">\r\n                                        <\/div>\r\n                                                                                                    <div class=\"feature-card-details\">\r\n                                    <h4 class=\"feature-card-title tg-title\">\r\n                                        <a href=\"https:\/\/theagency.com.ro\/ro\/services\/legal-services\/\">Servicii Juridice<\/a>\r\n                                    <\/h4>\r\n                                                                            <p class=\"feature-card-text\">Avocatul dumneavoastr\u0103. Reprezentare juridic\u0103 de \u00eencredere pentru afacerea dumneavoastr\u0103.<\/p>\r\n                                                                        <a href=\"https:\/\/theagency.com.ro\/ro\/services\/legal-services\/\" class=\"link-btn tg-btn\">\r\n                                        <span class=\"link-effect\">\r\n                                            <span class=\"effect-1\">VEZI DETALII<\/span>\r\n                                            <span class=\"effect-1\">VEZI DETALII<\/span>\r\n                                        <\/span>\r\n                                        <svg width=\"13\" height=\"13\" viewbox=\"0 0 13 13\" fill=\"none\" xmlns=\"http:\/\/www.w3.org\/2000\/svg\">\r\n                                            <path d=\"M2 11L11.2 1.8M12 11V1H2\" stroke=\"currentColor\" stroke-width=\"2\" stroke-linecap=\"square\" \/>\r\n                                        <\/svg>\r\n                                    <\/a>\r\n                                <\/div>\r\n                            <\/div>\r\n                        <\/div>\r\n                    \r\n                \r\n                                            <div class=\"col-xxl-6 col-xl-6\">\r\n                            <div class=\"feature-card style-grid\">\r\n                                                                                                            <div class=\"feature-card-icon\">\r\n                                            <img decoding=\"async\" src=\"https:\/\/theagency.com.ro\/wp-content\/uploads\/2024\/02\/quote.svg\" alt=\"icon\">\r\n                                        <\/div>\r\n                                                                                                    <div class=\"feature-card-details\">\r\n                                    <h4 class=\"feature-card-title tg-title\">\r\n                                        <a href=\"https:\/\/theagency.com.ro\/ro\/services\/brand-strategy\/\">Strategie de Brand<\/a>\r\n                                    <\/h4>\r\n                                                                            <p class=\"feature-card-text\">Elibereaz\u0103 poten\u021bialul brandului t\u0103u. Branding strategic pentru o cre\u0219tere durabil\u0103.<\/p>\r\n                                                                        <a href=\"https:\/\/theagency.com.ro\/ro\/services\/brand-strategy\/\" class=\"link-btn tg-btn\">\r\n                                        <span class=\"link-effect\">\r\n                                            <span class=\"effect-1\">VEZI DETALII<\/span>\r\n                                            <span class=\"effect-1\">VEZI DETALII<\/span>\r\n                                        <\/span>\r\n                                        <svg width=\"13\" height=\"13\" viewbox=\"0 0 13 13\" fill=\"none\" xmlns=\"http:\/\/www.w3.org\/2000\/svg\">\r\n                                            <path d=\"M2 11L11.2 1.8M12 11V1H2\" stroke=\"currentColor\" stroke-width=\"2\" stroke-linecap=\"square\" \/>\r\n                                        <\/svg>\r\n                                    <\/a>\r\n                                <\/div>\r\n                            <\/div>\r\n                        <\/div>\r\n                    \r\n                \r\n                                            <div class=\"col-xxl-6 col-xl-6\">\r\n                            <div class=\"feature-card style-grid\">\r\n                                                                                                            <div class=\"feature-card-icon\">\r\n                                            <img decoding=\"async\" src=\"https:\/\/theagency.com.ro\/wp-content\/uploads\/2024\/03\/map.svg\" alt=\"icon\">\r\n                                        <\/div>\r\n                                                                                                    <div class=\"feature-card-details\">\r\n                                    <h4 class=\"feature-card-title tg-title\">\r\n                                        <a href=\"https:\/\/theagency.com.ro\/ro\/services\/event-management\/\">Management de Evenimente<\/a>\r\n                                    <\/h4>\r\n                                                                            <p class=\"feature-card-text\">Evenimente care las\u0103 o impresie de durat\u0103. Noi cre\u0103m experien\u021be de neuitat.<\/p>\r\n                                                                        <a href=\"https:\/\/theagency.com.ro\/ro\/services\/event-management\/\" class=\"link-btn tg-btn\">\r\n                                        <span class=\"link-effect\">\r\n                                            <span class=\"effect-1\">VEZI DETALII<\/span>\r\n                                            <span class=\"effect-1\">VEZI DETALII<\/span>\r\n                                        <\/span>\r\n                                        <svg width=\"13\" height=\"13\" viewbox=\"0 0 13 13\" fill=\"none\" xmlns=\"http:\/\/www.w3.org\/2000\/svg\">\r\n                                            <path d=\"M2 11L11.2 1.8M12 11V1H2\" stroke=\"currentColor\" stroke-width=\"2\" stroke-linecap=\"square\" \/>\r\n                                        <\/svg>\r\n                                    <\/a>\r\n                                <\/div>\r\n                            <\/div>\r\n                        <\/div>\r\n                    \r\n                            <\/div>\r\n\r\n        \r\n\t\t\t\t<\/div>\n\t\t\t\t<\/div>\n\t\t\t\t\t<\/div>\n\t\t\t\t<\/div>\n\t\t<div class=\"elementor-element elementor-element-50c3eea e-con-full e-flex e-con e-parent\" data-id=\"50c3eea\" data-element_type=\"container\" data-e-type=\"container\" data-settings=\"{&quot;background_background&quot;:&quot;classic&quot;}\">\n\t\t<div class=\"elementor-element elementor-element-9c6adaa e-flex e-con-boxed e-con e-child\" data-id=\"9c6adaa\" data-element_type=\"container\" data-e-type=\"container\">\n\t\t\t\t\t<div class=\"e-con-inner\">\n\t\t<div class=\"elementor-element elementor-element-751364c e-con-full e-flex e-con e-child\" data-id=\"751364c\" data-element_type=\"container\" data-e-type=\"container\">\n\t\t\t\t<div class=\"elementor-element elementor-element-3d83664 elementor-widget elementor-widget-heading\" data-id=\"3d83664\" data-element_type=\"widget\" data-e-type=\"widget\" data-widget_type=\"heading.default\">\n\t\t\t\t<div class=\"elementor-widget-container\">\n\t\t\t\t\t<h2 class=\"elementor-heading-title elementor-size-default\">Ai Vreun Proiect \u00een Minte?<\/h2>\t\t\t\t<\/div>\n\t\t\t\t<\/div>\n\t\t\t\t<div class=\"elementor-element elementor-element-ca25a2a elementor-widget elementor-widget-heading\" data-id=\"ca25a2a\" data-element_type=\"widget\" data-e-type=\"widget\" data-widget_type=\"heading.default\">\n\t\t\t\t<div class=\"elementor-widget-container\">\n\t\t\t\t\t<p class=\"elementor-heading-title elementor-size-default\">Minunat! Suntem \u00eenc\u00e2nta\u021bi s\u0103 primim ve\u0219ti de la tine \u0219i hai s\u0103 \u00eencepem ceva \u00eempreun\u0103.<\/p>\t\t\t\t<\/div>\n\t\t\t\t<\/div>\n\t\t\t\t<div class=\"elementor-element elementor-element-6cbb3d9 elementor-widget elementor-widget-shortcode\" data-id=\"6cbb3d9\" data-element_type=\"widget\" data-e-type=\"widget\" data-widget_type=\"shortcode.default\">\n\t\t\t\t<div class=\"elementor-widget-container\">\n\t\t\t\t\t\t\t<div class=\"elementor-shortcode\">\n<div class=\"wpcf7 no-js\" id=\"wpcf7-f2218-o1\" lang=\"en-US\" dir=\"ltr\" data-wpcf7-id=\"2218\">\n<div class=\"screen-reader-response\"><p role=\"status\" aria-live=\"polite\" aria-atomic=\"true\"><\/p> <ul><\/ul><\/div>\n<form action=\"\/ro\/wp-json\/wp\/v2\/pages\/1669#wpcf7-f2218-o1\" method=\"post\" class=\"wpcf7-form init\" aria-label=\"Contact form\" novalidate=\"novalidate\" data-status=\"init\" data-trp-original-action=\"\/ro\/wp-json\/wp\/v2\/pages\/1669#wpcf7-f2218-o1\">\n<fieldset class=\"hidden-fields-container\"><input type=\"hidden\" name=\"_wpcf7\" value=\"2218\" \/><input type=\"hidden\" name=\"_wpcf7_version\" value=\"6.1.5\" \/><input type=\"hidden\" name=\"_wpcf7_locale\" value=\"en_US\" \/><input type=\"hidden\" name=\"_wpcf7_unit_tag\" value=\"wpcf7-f2218-o1\" \/><input type=\"hidden\" name=\"_wpcf7_container_post\" value=\"0\" \/><input type=\"hidden\" name=\"_wpcf7_posted_data_hash\" value=\"\" \/>\n<\/fieldset>\n<div class=\"contact-form\">\n    <div class=\"row\">\n        <div class=\"col-md-6\">\n            <div class=\"form-group\">\n                <span class=\"wpcf7-form-control-wrap\" data-name=\"your-name\"><input size=\"40\" maxlength=\"400\" class=\"wpcf7-form-control wpcf7-text wpcf7-validates-as-required form-control style-border\" aria-required=\"true\" aria-invalid=\"false\" placeholder=\"Nume Complet*\" value=\"\" type=\"text\" name=\"your-name\" \/><\/span>\n            <\/div>\n        <\/div>\n        <div class=\"col-md-6\">\n            <div class=\"form-group\">\n                <span class=\"wpcf7-form-control-wrap\" data-name=\"your-email\"><input size=\"40\" maxlength=\"400\" class=\"wpcf7-form-control wpcf7-email wpcf7-validates-as-required wpcf7-text wpcf7-validates-as-email form-control style-border\" aria-required=\"true\" aria-invalid=\"false\" placeholder=\"Adresa de e-mail*\" value=\"\" type=\"email\" name=\"your-email\" \/><\/span>\n            <\/div>\n        <\/div>\n        <div class=\"col-lg-12\">\n            <div class=\"form-group\">\n                <span class=\"wpcf7-form-control-wrap\" data-name=\"your-website\"><input size=\"40\" maxlength=\"400\" class=\"wpcf7-form-control wpcf7-text form-control style-border\" aria-invalid=\"false\" placeholder=\"Link c\u0103tre site-ul tau web\" value=\"\" type=\"text\" name=\"your-website\" \/><\/span>\n            <\/div>\n        <\/div>\n        <div class=\"col-lg-12\">\n            <div class=\"form-group\">\n                <span class=\"wpcf7-form-control-wrap\" data-name=\"your-message\"><textarea cols=\"40\" rows=\"10\" maxlength=\"2000\" class=\"wpcf7-form-control wpcf7-textarea wpcf7-validates-as-required form-control style-border\" aria-required=\"true\" aria-invalid=\"false\" placeholder=\"Cum te putem ajuta?*\" name=\"your-message\"><\/textarea><\/span>\n            <\/div>\n        <\/div>\n    <\/div>\n    <div class=\"form-btn col-12\">\n        <button type=\"submit\" class=\"btn mt-20\">\n            <span class=\"link-effect\">\n                <span class=\"effect-1\">TRIMITE MESAJ<\/span>\n                <span class=\"effect-1\">TRIMITE MESAJ<\/span>\n            <\/span>\n        <\/button>\n    <\/div>\n<\/div><div class=\"wpcf7-response-output\" aria-hidden=\"true\"><\/div>\n<input type=\"hidden\" name=\"trp-form-language\" value=\"ro\"\/><\/form>\n<\/div>\n<\/div>\n\t\t\t\t\t\t<\/div>\n\t\t\t\t<\/div>\n\t\t\t\t<\/div>\n\t\t\t\t\t<\/div>\n\t\t\t\t<\/div>\n\t\t\t\t<\/div>\n\t\t\t\t<\/div>","protected":false},"excerpt":{"rendered":"<p>Project Management Project Management: Your project&#8217;s success, on time and on budget. VIEW DETAILS VIEW DETAILS Social Media Management Your [&hellip;]<\/p>\n","protected":false},"author":1,"featured_media":0,"parent":0,"menu_order":0,"comment_status":"closed","ping_status":"closed","template":"elementor_header_footer","meta":{"_acf_changed":false,"_monsterinsights_skip_tracking":false,"_monsterinsights_sitenote_active":false,"_monsterinsights_sitenote_note":"","_monsterinsights_sitenote_category":0,"footnotes":""},"class_list":["post-1669","page","type-page","status-publish","hentry"],"acf":[],"aioseo_notices":[],"_links":{"self":[{"href":"https:\/\/theagency.com.ro\/ro\/wp-json\/wp\/v2\/pages\/1669","targetHints":{"allow":["GET"]}}],"collection":[{"href":"https:\/\/theagency.com.ro\/ro\/wp-json\/wp\/v2\/pages"}],"about":[{"href":"https:\/\/theagency.com.ro\/ro\/wp-json\/wp\/v2\/types\/page"}],"author":[{"embeddable":true,"href":"https:\/\/theagency.com.ro\/ro\/wp-json\/wp\/v2\/users\/1"}],"replies":[{"embeddable":true,"href":"https:\/\/theagency.com.ro\/ro\/wp-json\/wp\/v2\/comments?post=1669"}],"version-history":[{"count":32,"href":"https:\/\/theagency.com.ro\/ro\/wp-json\/wp\/v2\/pages\/1669\/revisions"}],"predecessor-version":[{"id":3013,"href":"https:\/\/theagency.com.ro\/ro\/wp-json\/wp\/v2\/pages\/1669\/revisions\/3013"}],"wp:attachment":[{"href":"https:\/\/theagency.com.ro\/ro\/wp-json\/wp\/v2\/media?parent=1669"}],"curies":[{"name":"wp","href":"https:\/\/api.w.org\/{rel}","templated":true}]}}