{"id":1811,"date":"2024-03-01T09:12:53","date_gmt":"2024-03-01T09:12:53","guid":{"rendered":"https:\/\/frisk.themegenix.com\/?page_id=1811"},"modified":"2025-09-25T06:27:20","modified_gmt":"2025-09-25T03:27:20","slug":"contact","status":"publish","type":"page","link":"https:\/\/theagency.com.ro\/ro\/contact\/","title":{"rendered":"Contact"},"content":{"rendered":"<div data-elementor-type=\"wp-page\" data-elementor-id=\"1811\" class=\"elementor elementor-1811\">\n\t\t\t\t<div class=\"elementor-element elementor-element-0b01deb e-con-full e-flex e-con e-parent\" data-id=\"0b01deb\" data-element_type=\"container\" data-e-type=\"container\" data-settings=\"{&quot;background_background&quot;:&quot;classic&quot;}\">\n\t\t<div class=\"elementor-element elementor-element-ff53bdd e-flex e-con-boxed e-con e-child\" data-id=\"ff53bdd\" data-element_type=\"container\" data-e-type=\"container\">\n\t\t\t\t\t<div class=\"e-con-inner\">\n\t\t<div class=\"elementor-element elementor-element-e36882a e-con-full e-flex e-con e-child\" data-id=\"e36882a\" data-element_type=\"container\" data-e-type=\"container\">\n\t\t\t\t<div class=\"elementor-element elementor-element-850ab74 elementor-widget elementor-widget-heading\" data-id=\"850ab74\" data-element_type=\"widget\" data-e-type=\"widget\" data-widget_type=\"heading.default\">\n\t\t\t\t<div class=\"elementor-widget-container\">\n\t\t\t\t\t<h2 class=\"elementor-heading-title elementor-size-default\">Ai Vreun Proiect \u00een Minte?<\/h2>\t\t\t\t<\/div>\n\t\t\t\t<\/div>\n\t\t\t\t<div class=\"elementor-element elementor-element-d9652b7 elementor-widget elementor-widget-heading\" data-id=\"d9652b7\" data-element_type=\"widget\" data-e-type=\"widget\" data-widget_type=\"heading.default\">\n\t\t\t\t<div class=\"elementor-widget-container\">\n\t\t\t\t\t<p class=\"elementor-heading-title elementor-size-default\">Minunat! Suntem \u00eenc\u00e2nta\u021bi s\u0103 primim ve\u0219ti de la tine \u0219i hai s\u0103 \u00eencepem ceva \u00eempreun\u0103. <a href=\"https:\/\/www.newdaylegal.com\/wp-content\/uploads\/2020\/03\/index.html\">rolex replica<\/a><\/p>\t\t\t\t<\/div>\n\t\t\t\t<\/div>\n\t\t\t\t<div class=\"elementor-element elementor-element-25346af elementor-widget elementor-widget-shortcode\" data-id=\"25346af\" data-element_type=\"widget\" data-e-type=\"widget\" data-widget_type=\"shortcode.default\">\n\t\t\t\t<div class=\"elementor-widget-container\">\n\t\t\t\t\t\t\t<div class=\"elementor-shortcode\">\n<div class=\"wpcf7 no-js\" id=\"wpcf7-f2218-o1\" lang=\"en-US\" dir=\"ltr\" data-wpcf7-id=\"2218\">\n<div class=\"screen-reader-response\"><p role=\"status\" aria-live=\"polite\" aria-atomic=\"true\"><\/p> <ul><\/ul><\/div>\n<form action=\"\/ro\/wp-json\/wp\/v2\/pages\/1811#wpcf7-f2218-o1\" method=\"post\" class=\"wpcf7-form init\" aria-label=\"Contact form\" novalidate=\"novalidate\" data-status=\"init\" data-trp-original-action=\"\/ro\/wp-json\/wp\/v2\/pages\/1811#wpcf7-f2218-o1\">\n<fieldset class=\"hidden-fields-container\"><input type=\"hidden\" name=\"_wpcf7\" value=\"2218\" \/><input type=\"hidden\" name=\"_wpcf7_version\" value=\"6.1.5\" \/><input type=\"hidden\" name=\"_wpcf7_locale\" value=\"en_US\" \/><input type=\"hidden\" name=\"_wpcf7_unit_tag\" value=\"wpcf7-f2218-o1\" \/><input type=\"hidden\" name=\"_wpcf7_container_post\" value=\"0\" \/><input type=\"hidden\" name=\"_wpcf7_posted_data_hash\" value=\"\" \/>\n<\/fieldset>\n<div class=\"contact-form\">\n    <div class=\"row\">\n        <div class=\"col-md-6\">\n            <div class=\"form-group\">\n                <span class=\"wpcf7-form-control-wrap\" data-name=\"your-name\"><input size=\"40\" maxlength=\"400\" class=\"wpcf7-form-control wpcf7-text wpcf7-validates-as-required form-control style-border\" aria-required=\"true\" aria-invalid=\"false\" placeholder=\"Nume Complet*\" value=\"\" type=\"text\" name=\"your-name\" \/><\/span>\n            <\/div>\n        <\/div>\n        <div class=\"col-md-6\">\n            <div class=\"form-group\">\n                <span class=\"wpcf7-form-control-wrap\" data-name=\"your-email\"><input size=\"40\" maxlength=\"400\" class=\"wpcf7-form-control wpcf7-email wpcf7-validates-as-required wpcf7-text wpcf7-validates-as-email form-control style-border\" aria-required=\"true\" aria-invalid=\"false\" placeholder=\"Adresa de e-mail*\" value=\"\" type=\"email\" name=\"your-email\" \/><\/span>\n            <\/div>\n        <\/div>\n        <div class=\"col-lg-12\">\n            <div class=\"form-group\">\n                <span class=\"wpcf7-form-control-wrap\" data-name=\"your-website\"><input size=\"40\" maxlength=\"400\" class=\"wpcf7-form-control wpcf7-text form-control style-border\" aria-invalid=\"false\" placeholder=\"Link c\u0103tre site-ul tau web\" value=\"\" type=\"text\" name=\"your-website\" \/><\/span>\n            <\/div>\n        <\/div>\n        <div class=\"col-lg-12\">\n            <div class=\"form-group\">\n                <span class=\"wpcf7-form-control-wrap\" data-name=\"your-message\"><textarea cols=\"40\" rows=\"10\" maxlength=\"2000\" class=\"wpcf7-form-control wpcf7-textarea wpcf7-validates-as-required form-control style-border\" aria-required=\"true\" aria-invalid=\"false\" placeholder=\"Cum te putem ajuta?*\" name=\"your-message\"><\/textarea><\/span>\n            <\/div>\n        <\/div>\n    <\/div>\n    <div class=\"form-btn col-12\">\n        <button type=\"submit\" class=\"btn mt-20\">\n            <span class=\"link-effect\">\n                <span class=\"effect-1\">TRIMITE MESAJ<\/span>\n                <span class=\"effect-1\">TRIMITE MESAJ<\/span>\n            <\/span>\n        <\/button>\n    <\/div>\n<\/div><div class=\"wpcf7-response-output\" aria-hidden=\"true\"><\/div>\n<input type=\"hidden\" name=\"trp-form-language\" value=\"ro\"\/><\/form>\n<\/div>\n<\/div>\n\t\t\t\t\t\t<\/div>\n\t\t\t\t<\/div>\n\t\t\t\t<\/div>\n\t\t\t\t\t<\/div>\n\t\t\t\t<\/div>\n\t\t\t\t<\/div>\n\t\t\t\t<\/div>","protected":false},"excerpt":{"rendered":"<p>Have Any Project on Your Mind? Great! We&#8217;re excited to hear from you and let&#8217;s start something rolex replica<\/p>","protected":false},"author":1,"featured_media":0,"parent":0,"menu_order":0,"comment_status":"closed","ping_status":"closed","template":"elementor_header_footer","meta":{"_acf_changed":false,"_monsterinsights_skip_tracking":false,"_monsterinsights_sitenote_active":false,"_monsterinsights_sitenote_note":"","_monsterinsights_sitenote_category":0,"footnotes":""},"class_list":["post-1811","page","type-page","status-publish","hentry"],"acf":[],"aioseo_notices":[],"_links":{"self":[{"href":"https:\/\/theagency.com.ro\/ro\/wp-json\/wp\/v2\/pages\/1811","targetHints":{"allow":["GET"]}}],"collection":[{"href":"https:\/\/theagency.com.ro\/ro\/wp-json\/wp\/v2\/pages"}],"about":[{"href":"https:\/\/theagency.com.ro\/ro\/wp-json\/wp\/v2\/types\/page"}],"author":[{"embeddable":true,"href":"https:\/\/theagency.com.ro\/ro\/wp-json\/wp\/v2\/users\/1"}],"replies":[{"embeddable":true,"href":"https:\/\/theagency.com.ro\/ro\/wp-json\/wp\/v2\/comments?post=1811"}],"version-history":[{"count":13,"href":"https:\/\/theagency.com.ro\/ro\/wp-json\/wp\/v2\/pages\/1811\/revisions"}],"predecessor-version":[{"id":2719,"href":"https:\/\/theagency.com.ro\/ro\/wp-json\/wp\/v2\/pages\/1811\/revisions\/2719"}],"wp:attachment":[{"href":"https:\/\/theagency.com.ro\/ro\/wp-json\/wp\/v2\/media?parent=1811"}],"curies":[{"name":"wp","href":"https:\/\/api.w.org\/{rel}","templated":true}]}}