{"id":2498,"date":"2024-06-06T08:14:51","date_gmt":"2024-06-06T05:14:51","guid":{"rendered":"https:\/\/theagency.com.ro\/?post_type=product&#038;p=2498"},"modified":"2025-12-07T20:51:01","modified_gmt":"2025-12-07T17:51:01","slug":"album-coral-oana-tinu-beca-partitura","status":"publish","type":"product","link":"https:\/\/theagency.com.ro\/ro\/produs\/album-coral-oana-tinu-beca-partitura\/","title":{"rendered":"Album coral, Oana Tinu Beca, partitura"},"content":{"rendered":"<p>\u201eAm decis publicarea acestor lucr\u0103ri din nostalgie, fiind scrise la o v\u00e2rst\u0103 fraged\u0103. Venid Pastorcillos (2002), Moderniana (2003), Marina (2004) au fost compuse pentru Festival de Expresion Coral de Canaria (Las Palmas de Gran Canaria), unde la edi\u021bia a III-a, Marina a fost premiat\u0103 \u00een cadrul concursului de compozi\u021bie \u0219i interpretat\u0103 \u00een prim\u0103 audi\u021bie absolut\u0103. Aceast\u0103 lucrare a fost \u00eendr\u0103git\u0103 de c\u0103tre colegii mei, al\u0103turi de care \u00een acela\u0219i an, sub bagheta dirijorului Hora\u021biu Alexandrescu, Corul Cantilena al Liceului de Art\u0103 din Constan\u021ba a interpretat-o la Bremen (Germania), \u00een cadrul edi\u021biei a III-a a Choir Olimpics Bremen 2004 \u0219i doi ani mai t\u00e2rziu la Zwickau (Germania), \u00een cadrul Interna\u021bionaler Robert Schumann Chorwettbewerb 2006.<\/p>\n<p>Lucr\u0103rile Plumb (2006) \u0219i Easy Living (2010) sunt scrise \u00een cadrul Seminario Europeo per Giovani Compositori organizat de FENIARCO \u0219i EUROPA CANTAT \u00een superba localitate Aosta, Italia. Easy Living a fost interpretat\u0103 \u00een cadrul recitalului ce a urmat acestui seminar, fiind difuzat\u0103 live la radio.<\/p>\n<p>Mi-a\u0219 dori ca aceast\u0103 muzic\u0103 s\u0103 aduc\u0103 bucurie celor care o vor interpreta \u0219i inspira\u021bie celor care o vor asculta, \u00eentruc\u00e2t \u00eentre aceste pagini se afl\u0103 emo\u021bia pur\u0103 a sufletului meu. Le mul\u021bumesc profesorilor, p\u0103rin\u021bilor, so\u021bului meu, familiei \u0219i prietenilor pentru c\u0103 au crezut \u00een for\u021ba mea creatoare.\u201d &#8211; Oana Tinu Beca<\/p>","protected":false},"excerpt":{"rendered":"<p>Compozi\u021biile au fost create \u00eencep\u00e2nd cu anul 2002, v\u00e2z\u00e2nd lumina tiparului dup\u0103 dou\u0103 decenii, sub atenta \u00eengrijire a lui Costin Aslam de la Editura Muzical\u0103 a Uniunii Compozitorilor \u0219i Muzicologilor din Rom\u00e2nia.<br \/>Cele 100 de exemplare \u00een format A4, sunt disponibile pentru achizi\u021bionare cu pre\u021bul de 40 de lei.<\/p>","protected":false},"featured_media":3014,"comment_status":"open","ping_status":"closed","template":"","meta":{"_acf_changed":false,"_monsterinsights_skip_tracking":false,"_monsterinsights_sitenote_active":false,"_monsterinsights_sitenote_note":"","_monsterinsights_sitenote_category":0},"product_brand":[],"product_cat":[64],"product_tag":[],"class_list":{"0":"post-2498","1":"product","2":"type-product","3":"status-publish","4":"has-post-thumbnail","6":"product_cat-sheet","8":"first","9":"onbackorder","10":"shipping-taxable","11":"purchasable","12":"product-type-simple"},"acf":[],"aioseo_notices":[],"_links":{"self":[{"href":"https:\/\/theagency.com.ro\/ro\/wp-json\/wp\/v2\/product\/2498","targetHints":{"allow":["GET"]}}],"collection":[{"href":"https:\/\/theagency.com.ro\/ro\/wp-json\/wp\/v2\/product"}],"about":[{"href":"https:\/\/theagency.com.ro\/ro\/wp-json\/wp\/v2\/types\/product"}],"replies":[{"embeddable":true,"href":"https:\/\/theagency.com.ro\/ro\/wp-json\/wp\/v2\/comments?post=2498"}],"wp:featuredmedia":[{"embeddable":true,"href":"https:\/\/theagency.com.ro\/ro\/wp-json\/wp\/v2\/media\/3014"}],"wp:attachment":[{"href":"https:\/\/theagency.com.ro\/ro\/wp-json\/wp\/v2\/media?parent=2498"}],"wp:term":[{"taxonomy":"product_brand","embeddable":true,"href":"https:\/\/theagency.com.ro\/ro\/wp-json\/wp\/v2\/product_brand?post=2498"},{"taxonomy":"product_cat","embeddable":true,"href":"https:\/\/theagency.com.ro\/ro\/wp-json\/wp\/v2\/product_cat?post=2498"},{"taxonomy":"product_tag","embeddable":true,"href":"https:\/\/theagency.com.ro\/ro\/wp-json\/wp\/v2\/product_tag?post=2498"}],"curies":[{"name":"wp","href":"https:\/\/api.w.org\/{rel}","templated":true}]}}