{"id":2993,"date":"2025-12-07T17:18:02","date_gmt":"2025-12-07T14:18:02","guid":{"rendered":"https:\/\/theagency.com.ro\/?post_type=product&#038;p=2993"},"modified":"2025-12-07T22:17:00","modified_gmt":"2025-12-07T19:17:00","slug":"prezenta-muzicii-romanesti-in-activitatea-asezamintelor-culturale-1918-2024","status":"publish","type":"product","link":"https:\/\/theagency.com.ro\/ro\/produs\/prezenta-muzicii-romanesti-in-activitatea-asezamintelor-culturale-1918-2024\/","title":{"rendered":"Prezen\u021ba muzicii rom\u00e2ne\u0219ti \u00een activitatea a\u0219ez\u0103mintelor culturale (1918\u20132024)"},"content":{"rendered":"<p>Lucrarea de fa\u021b\u0103, intitulat\u0103 <em>Prezen\u021ba muzicii rom\u00e2ne\u0219ti \u00een activitatea a\u0219ez\u0103mintelor culturale (1918\u20132024)<\/em>, constituie o \u00eencercare temerar\u0103 \u0219i special\u0103, fiind \u2013 dup\u0103 \u0219tiin\u021ba mea \u2013 \u00eent\u00e2ia oar\u0103 c\u00e2nd o asemenea tematic\u0103 este abordat\u0103 \u00een sfera muzicologiei indigene. Tema se remarc\u0103 prin extinderea problematicii \u0219i prin relevan\u021ba con\u021binutului, \u00eentruc\u00e2t aduce \u00een aten\u021bia publicului un segment esen\u021bial al vie\u021bii culturale rom\u00e2ne\u0219ti, adesea neglijat sau insuficient analizat de-a lungul timpului.<br \/>Autoarea \u00ee\u0219i propune s\u0103 ofere celor interesa\u021bi de rea\u0219ezarea vie\u021bii culturale o analiz\u0103 pertinent\u0103, desf\u0103\u0219urat\u0103 pe parcursul unui secol, asupra programelor \u0219i proiectelor derulate \u00een cadrul a\u0219ez\u0103mintelor culturale, \u00een vederea optimiz\u0103rii proceselor de organizare \u0219i promovare a activit\u0103\u021bii muzicale.<br \/>Demersul investigativ se articuleaz\u0103 pe dou\u0103 direc\u021bii majore. Prima vizeaz\u0103 contextul istoric, social, politic \u0219i cultural, cu accent pe modific\u0103rile de structur\u0103, de func\u021bionare \u0219i de finan\u021bare ale institu\u021biilor culturale. A doua urm\u0103re\u0219te repertoriile folosite \u00een aceste institu\u021bii, analizate sistematic \u0219i cronologic. Sunt surprinse cu acuitate at\u00e2t transform\u0103rile de natur\u0103 conceptual\u0103, c\u00e2t \u0219i produsele culturale diferite care au marcat evolu\u021bia centrelor culturale, acestea reflect\u00e2nd interdependen\u021be cu factori na\u021bionali, istorici, sociali sau economici.<br \/>Cercetarea subliniaz\u0103 ponderea important\u0103 pe care a\u0219ez\u0103mintele culturale au exercitat-o \u00een formarea \u0219i influen\u021barea comportamentelor \u0219i mentalit\u0103\u021bilor individuale \u0219i colective, \u00een conservarea tradi\u021biilor, \u00een promovarea folclorului, dar \u0219i \u00een dezvoltarea percep\u021biilor \u0219i deprinderilor artistice, \u00een special \u00een zona produc\u021biilor de amatori din mediul rural.<br \/>Primul capitol prezint\u0103 o ampl\u0103 privire diacronic\u0103, structurat\u0103 pe trei perioade \u2013 1918\u20131945, 1945\u20131989 \u0219i 1989\u20132024 \u2013 oferind o imagine coerent\u0103 asupra evolu\u021biilor sociale \u0219i culturale, precum \u0219i asupra modului \u00een care acestea s-au reflectat \u00een activitatea institu\u021biilor de profil. De la rolul definitoriu al Funda\u021biilor Regale \u00een perioada interbelic\u0103, la confiscarea \u0219i instrumentalizarea ideologic\u0103 a acestor institu\u021bii \u00een timpul regimului comunist, \u0219i p\u00e2n\u0103 la transform\u0103rile post-1989, lucrarea analizeaz\u0103 cu rigoare schimb\u0103rile de structur\u0103, func\u021biune \u0219i identitate.<br \/>Centrul conceptual al c\u0103r\u021bii \u00eel reprezint\u0103 \u00eens\u0103 capitolul dedicat rela\u021biei dintre cultura maselor \u0219i cea a elitelor. Sunt analizate teritoriile teoretice, domeniile, particularit\u0103\u021bile de manifestare \u0219i rolurile complementare \u00een comunicarea artistic\u0103. Conform temei alese, autoarea \u00ee\u0219i focalizeaz\u0103 aten\u021bia asupra entit\u0103\u021bilor care promoveaz\u0103 crea\u021bia de mas\u0103, asupra tipurilor de activit\u0103\u021bi \u0219i ac\u021biuni anexe, eviden\u021biind avantajele evidente pe care aceste direc\u021bii le au \u00een plan educativ, intelectual \u0219i spiritual.<br \/>Un merit aparte al lucr\u0103rii \u00eel constituie bogata documentare muzical\u0103: repertorii patriotice, revolu\u021bionare, mar\u0219uri, opusuri instrumentale, lucr\u0103ri didactice, piese folclorice \u2013 toate departajate \u0219i analizate cu rigoare, pentru fiecare etap\u0103 istoric\u0103. Aceast\u0103 component\u0103 practic\u0103 demonstreaz\u0103 existen\u021ba unui efort laborios, bine argumentat, care poate constitui un reper pentru viitoare sinteze muzicologice.<br \/>\u00cen sec\u021biunea final\u0103, autoarea prezint\u0103 un sondaj de opinie realizat at\u00e2t \u00een r\u00e2ndul melomanilor, c\u00e2t \u0219i al profesioni\u0219tilor, viz\u00e2nd interesul public pentru activitatea a\u0219ez\u0103mintelor culturale \u0219i pentru programele muzicale oferite. \u00cen paralel, sunt realizate studii de caz detaliate asupra unor institu\u021bii reprezentative din Bucure\u0219ti, cu date administrative, financiare, de personal, de management \u0219i artistice, ceea ce confer\u0103 trat\u0103rii un caracter aplicat \u0219i o soliditate greu de ignorat.<br \/>Toate aceste aspecte recomand\u0103 lucrarea ca pe un demers original, necesar \u0219i valoros pentru cercetarea muzicologic\u0103 rom\u00e2neasc\u0103, un instrument util pentru speciali\u0219ti, institu\u021bii culturale, deciden\u021bi administrativi \u0219i pentru to\u021bi cei interesa\u021bi de evolu\u021bia culturii na\u021bionale.<br \/>Prof. univ. dr. Adrian Iorgulescu<\/p>","protected":false},"excerpt":{"rendered":"<p>Lucrarea de fa\u021b\u0103, intitulat\u0103 <em>Prezen\u021ba muzicii rom\u00e2ne\u0219ti \u00een activitatea a\u0219ez\u0103mintelor culturale (1918\u20132024)<\/em>, constituie o \u00eencercare temerar\u0103 \u0219i special\u0103, fiind \u2013 dup\u0103 \u0219tiin\u021ba mea \u2013 \u00eent\u00e2ia oar\u0103 c\u00e2nd o asemenea tematic\u0103 este abordat\u0103 \u00een sfera muzicologiei indigene. Tema se remarc\u0103 prin extinderea problematicii \u0219i prin relevan\u021ba con\u021binutului, \u00eentruc\u00e2t aduce \u00een aten\u021bia publicului un segment esen\u021bial al vie\u021bii culturale rom\u00e2ne\u0219ti, adesea neglijat sau insuficient analizat de-a lungul timpului. &#8211; Prof. univ. dr. Adrian Iorgulescu<\/p>","protected":false},"featured_media":3009,"comment_status":"open","ping_status":"closed","template":"","meta":{"_acf_changed":false,"_monsterinsights_skip_tracking":false,"_monsterinsights_sitenote_active":false,"_monsterinsights_sitenote_note":"","_monsterinsights_sitenote_category":0},"product_brand":[],"product_cat":[63],"product_tag":[],"class_list":{"0":"post-2993","1":"product","2":"type-product","3":"status-publish","4":"has-post-thumbnail","6":"product_cat-uncategorized","8":"first","9":"onbackorder","10":"shipping-taxable","11":"purchasable","12":"product-type-simple"},"acf":[],"aioseo_notices":[],"_links":{"self":[{"href":"https:\/\/theagency.com.ro\/ro\/wp-json\/wp\/v2\/product\/2993","targetHints":{"allow":["GET"]}}],"collection":[{"href":"https:\/\/theagency.com.ro\/ro\/wp-json\/wp\/v2\/product"}],"about":[{"href":"https:\/\/theagency.com.ro\/ro\/wp-json\/wp\/v2\/types\/product"}],"replies":[{"embeddable":true,"href":"https:\/\/theagency.com.ro\/ro\/wp-json\/wp\/v2\/comments?post=2993"}],"wp:featuredmedia":[{"embeddable":true,"href":"https:\/\/theagency.com.ro\/ro\/wp-json\/wp\/v2\/media\/3009"}],"wp:attachment":[{"href":"https:\/\/theagency.com.ro\/ro\/wp-json\/wp\/v2\/media?parent=2993"}],"wp:term":[{"taxonomy":"product_brand","embeddable":true,"href":"https:\/\/theagency.com.ro\/ro\/wp-json\/wp\/v2\/product_brand?post=2993"},{"taxonomy":"product_cat","embeddable":true,"href":"https:\/\/theagency.com.ro\/ro\/wp-json\/wp\/v2\/product_cat?post=2993"},{"taxonomy":"product_tag","embeddable":true,"href":"https:\/\/theagency.com.ro\/ro\/wp-json\/wp\/v2\/product_tag?post=2993"}],"curies":[{"name":"wp","href":"https:\/\/api.w.org\/{rel}","templated":true}]}}